{"id":2370,"date":"2025-01-08T17:59:44","date_gmt":"2025-01-08T15:59:44","guid":{"rendered":"https:\/\/www.foto-christiane.de\/cms\/?page_id=2370"},"modified":"2026-01-07T17:20:44","modified_gmt":"2026-01-07T15:20:44","slug":"preise","status":"publish","type":"page","link":"https:\/\/www.foto-christiane.de\/cms\/preise\/","title":{"rendered":"Preise"},"content":{"rendered":"\t\t<div data-elementor-type=\"wp-page\" data-elementor-id=\"2370\" class=\"elementor elementor-2370\">\n\t\t\t\t<div class=\"elementor-element elementor-element-267be555 e-flex e-con-boxed e-con e-parent\" data-id=\"267be555\" data-element_type=\"container\" data-e-type=\"container\" data-settings=\"{&quot;background_background&quot;:&quot;classic&quot;}\">\n\t\t\t\t\t<div class=\"e-con-inner\">\n\t\t\t\t<div class=\"elementor-element elementor-element-6dbc79cc elementor-widget elementor-widget-heading\" data-id=\"6dbc79cc\" data-element_type=\"widget\" data-e-type=\"widget\" data-widget_type=\"heading.default\">\n\t\t\t\t<div class=\"elementor-widget-container\">\n\t\t\t\t\t<h1 class=\"elementor-heading-title elementor-size-default\">Preise<\/h1>\t\t\t\t<\/div>\n\t\t\t\t<\/div>\n\t\t\t\t\t<\/div>\n\t\t\t\t<\/div>\n\t\t<div class=\"elementor-element elementor-element-591b3b1c e-flex e-con-boxed e-con e-parent\" data-id=\"591b3b1c\" data-element_type=\"container\" data-e-type=\"container\">\n\t\t\t\t\t<div class=\"e-con-inner\">\n\t\t\t\t\t<\/div>\n\t\t\t\t<\/div>\n\t\t<div class=\"elementor-element elementor-element-4a800f8 e-flex e-con-boxed e-con e-parent\" data-id=\"4a800f8\" data-element_type=\"container\" data-e-type=\"container\">\n\t\t\t\t\t<div class=\"e-con-inner\">\n\t\t\t\t<div class=\"elementor-element elementor-element-4fd5bbc elementor-widget elementor-widget-heading\" data-id=\"4fd5bbc\" data-element_type=\"widget\" data-e-type=\"widget\" data-widget_type=\"heading.default\">\n\t\t\t\t<div class=\"elementor-widget-container\">\n\t\t\t\t\t<h2 class=\"elementor-heading-title elementor-size-default\">Portrait<\/h2>\t\t\t\t<\/div>\n\t\t\t\t<\/div>\n\t\t\t\t\t<\/div>\n\t\t\t\t<\/div>\n\t\t<div class=\"elementor-element elementor-element-500d223 e-flex e-con-boxed e-con e-parent\" data-id=\"500d223\" data-element_type=\"container\" data-e-type=\"container\">\n\t\t\t\t\t<div class=\"e-con-inner\">\n\t\t\t\t<div class=\"elementor-element elementor-element-83097d2 elementor-widget elementor-widget-text-editor\" data-id=\"83097d2\" data-element_type=\"widget\" data-e-type=\"widget\" data-widget_type=\"text-editor.default\">\n\t\t\t\t<div class=\"elementor-widget-container\">\n\t\t\t\t\t\t\t\t\t<p style=\"font-size: 21px; font-style: normal; font-weight: 400;\"><strong>Grundgeb\u00fchr<\/strong><strong style=\"background-color: var(--ast-global-color-4); color: var(--ast-global-color-3);\">\u00a0<\/strong><\/p><p style=\"font-size: 21px; font-style: normal; font-weight: 400;\">Shooting von ca. 45-60 Minuten<\/p><p style=\"font-size: 21px; font-style: normal; font-weight: 400;\">verschiedene Motive<\/p><p style=\"font-size: 21px; font-style: normal; font-weight: 400;\">60 \u20ac<\/p><p style=\"font-size: 21px; font-style: normal; font-weight: 400;\">zzgl. Bild- oder Paketpreise<\/p>\t\t\t\t\t\t\t\t<\/div>\n\t\t\t\t<\/div>\n\t\t\t\t\t<\/div>\n\t\t\t\t<\/div>\n\t\t<div class=\"elementor-element elementor-element-af5a638 e-flex e-con-boxed e-con e-parent\" data-id=\"af5a638\" data-element_type=\"container\" data-e-type=\"container\">\n\t\t\t\t\t<div class=\"e-con-inner\">\n\t\t\t\t<div class=\"elementor-element elementor-element-b137efb elementor-widget elementor-widget-text-editor\" data-id=\"b137efb\" data-element_type=\"widget\" data-e-type=\"widget\" data-widget_type=\"text-editor.default\">\n\t\t\t\t<div class=\"elementor-widget-container\">\n\t\t\t\t\t\t\t\t\t<p style=\"font-size: 21px; font-style: normal; font-weight: 400;\"><strong>Schnellportrait<\/strong><\/p>\n<p style=\"font-size: 21px; font-style: normal; font-weight: 400;\"><span style=\"background-color: var(--ast-global-color-4); color: var(--ast-global-color-3);\">eine Standardaufnahme<\/span><\/p>\n<p style=\"font-size: 21px; font-style: normal; font-weight: 400;\">30 \u20ac<\/p>\n<p style=\"font-size: 21px; font-style: normal; font-weight: 400;\">zzgl. Bild- oder Paketpreise<\/p>\t\t\t\t\t\t\t\t<\/div>\n\t\t\t\t<\/div>\n\t\t\t\t\t<\/div>\n\t\t\t\t<\/div>\n\t\t<div class=\"elementor-element elementor-element-e665408 e-flex e-con-boxed e-con e-parent\" data-id=\"e665408\" data-element_type=\"container\" data-e-type=\"container\">\n\t\t\t\t\t<div class=\"e-con-inner\">\n\t\t\t\t<div class=\"elementor-element elementor-element-978c6d8 elementor-widget-divider--view-line elementor-widget elementor-widget-divider\" data-id=\"978c6d8\" data-element_type=\"widget\" data-e-type=\"widget\" data-widget_type=\"divider.default\">\n\t\t\t\t<div class=\"elementor-widget-container\">\n\t\t\t\t\t\t\t<div class=\"elementor-divider\">\n\t\t\t<span class=\"elementor-divider-separator\">\n\t\t\t\t\t\t<\/span>\n\t\t<\/div>\n\t\t\t\t\t\t<\/div>\n\t\t\t\t<\/div>\n\t\t\t\t\t<\/div>\n\t\t\t\t<\/div>\n\t\t<div class=\"elementor-element elementor-element-641d308 e-flex e-con-boxed e-con e-parent\" data-id=\"641d308\" data-element_type=\"container\" data-e-type=\"container\">\n\t\t\t\t\t<div class=\"e-con-inner\">\n\t\t\t\t<div class=\"elementor-element elementor-element-ab4a3e5 elementor-widget elementor-widget-heading\" data-id=\"ab4a3e5\" data-element_type=\"widget\" data-e-type=\"widget\" data-widget_type=\"heading.default\">\n\t\t\t\t<div class=\"elementor-widget-container\">\n\t\t\t\t\t<h2 class=\"elementor-heading-title elementor-size-default\">Bildpreise<\/h2>\t\t\t\t<\/div>\n\t\t\t\t<\/div>\n\t\t\t\t\t<\/div>\n\t\t\t\t<\/div>\n\t\t<div class=\"elementor-element elementor-element-1497fcc e-flex e-con-boxed e-con e-parent\" data-id=\"1497fcc\" data-element_type=\"container\" data-e-type=\"container\">\n\t\t\t\t\t<div class=\"e-con-inner\">\n\t\t\t\t<div class=\"elementor-element elementor-element-874c301 elementor-widget elementor-widget-text-editor\" data-id=\"874c301\" data-element_type=\"widget\" data-e-type=\"widget\" data-widget_type=\"text-editor.default\">\n\t\t\t\t<div class=\"elementor-widget-container\">\n\t\t\t\t\t\t\t\t\t<p style=\"font-size: 21px; font-style: normal; font-weight: 400;\">1 Datei\u00a0 \u00a0 \u00a0 \u00a0 \u00a0 \u00a0 \u00a0 \u00a0 \u00a0 \u00a0 \u00a0 \u00a0 \u00a0 \u00a0 19 \u20ac<\/p><p style=\"font-size: 21px; font-style: normal; font-weight: 400;\">Abzug 13x18cm\u00a0 \u00a0 \u00a0 \u00a0 \u00a0 \u00a0 \u00a010 \u20ac<\/p><p style=\"font-size: 21px; font-style: normal; font-weight: 400;\">Abzug 15x20cm\u00a0 \u00a0 \u00a0 \u00a0 \u00a0 \u00a0 12 \u20ac<\/p><p style=\"font-size: 21px; font-style: normal; font-weight: 400;\">Abzug 20x30cm\u00a0 \u00a0 \u00a0 \u00a0 \u00a0 15 \u20ac<\/p>\t\t\t\t\t\t\t\t<\/div>\n\t\t\t\t<\/div>\n\t\t\t\t\t<\/div>\n\t\t\t\t<\/div>\n\t\t<div class=\"elementor-element elementor-element-1e9e9d4 e-flex e-con-boxed e-con e-parent\" data-id=\"1e9e9d4\" data-element_type=\"container\" data-e-type=\"container\">\n\t\t\t\t\t<div class=\"e-con-inner\">\n\t\t\t\t<div class=\"elementor-element elementor-element-945be21 elementor-widget elementor-widget-heading\" data-id=\"945be21\" data-element_type=\"widget\" data-e-type=\"widget\" data-widget_type=\"heading.default\">\n\t\t\t\t<div class=\"elementor-widget-container\">\n\t\t\t\t\t<h2 class=\"elementor-heading-title elementor-size-default\">Paketpreise<\/h2>\t\t\t\t<\/div>\n\t\t\t\t<\/div>\n\t\t\t\t\t<\/div>\n\t\t\t\t<\/div>\n\t\t<div class=\"elementor-element elementor-element-7d78cbd e-flex e-con-boxed e-con e-parent\" data-id=\"7d78cbd\" data-element_type=\"container\" data-e-type=\"container\">\n\t\t\t\t\t<div class=\"e-con-inner\">\n\t\t\t\t<div class=\"elementor-element elementor-element-673b625 elementor-widget elementor-widget-text-editor\" data-id=\"673b625\" data-element_type=\"widget\" data-e-type=\"widget\" data-widget_type=\"text-editor.default\">\n\t\t\t\t<div class=\"elementor-widget-container\">\n\t\t\t\t\t\t\t\t\t<p style=\"font-size: 21px; font-style: normal; font-weight: 400;\"><strong><span style=\"background-color: var(--ast-global-color-4); color: var(--ast-global-color-3);\">Paket 1<\/span><\/strong><\/p><p style=\"font-size: 21px; font-style: normal; font-weight: 400;\"><span style=\"background-color: var(--ast-global-color-4); color: var(--ast-global-color-3);\">10 Abz\u00fcge in 13x18cm<\/span><\/p><p style=\"font-size: 21px; font-style: normal; font-weight: 400;\">80 \u20ac<\/p><p style=\"font-size: 21px; font-style: normal; font-weight: 400;\"><strong>Paket 2<\/strong><\/p><p style=\"font-size: 21px; font-style: normal; font-weight: 400;\">10 Dateien<\/p><p style=\"font-size: 21px; font-style: normal; font-weight: 400;\">150 \u20ac<\/p><p style=\"font-size: 21px; font-style: normal; font-weight: 400;\"><strong>Paket 3<\/strong><\/p><p style=\"font-size: 21px; font-style: normal; font-weight: 400;\">10 Dateien + Leinwand 40x60cm<\/p><p style=\"font-size: 21px; font-style: normal; font-weight: 400;\">200 \u20ac<\/p><p style=\"font-size: 21px; font-style: normal; font-weight: 400;\"><strong>Paket 4<\/strong><\/p><p style=\"font-size: 21px; font-style: normal; font-weight: 400;\">10 Dateien + bis zu 20 Fotos im Fotobuch (13x13cm)<\/p><p style=\"font-size: 21px; font-style: normal; font-weight: 400;\">190 \u20ac<\/p><p style=\"font-size: 21px; font-style: normal; font-weight: 400;\"><strong>Paket 5<\/strong><\/p><p style=\"font-size: 21px; font-style: normal; font-weight: 400;\">DINA3 Kalender mit 13 verschiedenen Motiven<\/p><p style=\"font-size: 21px; font-style: normal; font-weight: 400;\">190 \u20ac<\/p><p style=\"font-size: 21px; font-style: normal; font-weight: 400;\"><strong>Paket 6<\/strong><\/p><p style=\"font-size: 21px; font-style: normal; font-weight: 400;\">5 Abz\u00fcge in 13x18cm<\/p><p style=\"font-size: 21px; font-style: normal; font-weight: 400;\">45 \u20ac<\/p><p style=\"font-size: 21px; font-style: normal; font-weight: 400;\"><strong>Paket 7<\/strong><\/p><p style=\"font-size: 21px; font-style: normal; font-weight: 400;\">5 Dateien<\/p><p style=\"font-size: 21px; font-style: normal; font-weight: 400;\">90 \u20ac<\/p>\t\t\t\t\t\t\t\t<\/div>\n\t\t\t\t<\/div>\n\t\t\t\t\t<\/div>\n\t\t\t\t<\/div>\n\t\t<div class=\"elementor-element elementor-element-d92d2ba e-flex e-con-boxed e-con e-parent\" data-id=\"d92d2ba\" data-element_type=\"container\" data-e-type=\"container\">\n\t\t\t\t\t<div class=\"e-con-inner\">\n\t\t\t\t<div class=\"elementor-element elementor-element-23fed97 elementor-widget-divider--view-line elementor-widget elementor-widget-divider\" data-id=\"23fed97\" data-element_type=\"widget\" data-e-type=\"widget\" data-widget_type=\"divider.default\">\n\t\t\t\t<div class=\"elementor-widget-container\">\n\t\t\t\t\t\t\t<div class=\"elementor-divider\">\n\t\t\t<span class=\"elementor-divider-separator\">\n\t\t\t\t\t\t<\/span>\n\t\t<\/div>\n\t\t\t\t\t\t<\/div>\n\t\t\t\t<\/div>\n\t\t\t\t\t<\/div>\n\t\t\t\t<\/div>\n\t\t<div class=\"elementor-element elementor-element-de532f4 e-flex e-con-boxed e-con e-parent\" data-id=\"de532f4\" data-element_type=\"container\" data-e-type=\"container\">\n\t\t\t\t\t<div class=\"e-con-inner\">\n\t\t\t\t<div class=\"elementor-element elementor-element-6e4a212 elementor-widget elementor-widget-heading\" data-id=\"6e4a212\" data-element_type=\"widget\" data-e-type=\"widget\" data-widget_type=\"heading.default\">\n\t\t\t\t<div class=\"elementor-widget-container\">\n\t\t\t\t\t<h2 class=\"elementor-heading-title elementor-size-default\">Zertifizierte Passbilder<\/h2>\t\t\t\t<\/div>\n\t\t\t\t<\/div>\n\t\t\t\t\t<\/div>\n\t\t\t\t<\/div>\n\t\t<div class=\"elementor-element elementor-element-119d0ac e-flex e-con-boxed e-con e-parent\" data-id=\"119d0ac\" data-element_type=\"container\" data-e-type=\"container\">\n\t\t\t\t\t<div class=\"e-con-inner\">\n\t\t\t\t<div class=\"elementor-element elementor-element-bc08bb5 elementor-widget elementor-widget-text-editor\" data-id=\"bc08bb5\" data-element_type=\"widget\" data-e-type=\"widget\" data-widget_type=\"text-editor.default\">\n\t\t\t\t<div class=\"elementor-widget-container\">\n\t\t\t\t\t\t\t\t\t<p>f\u00fcr Ausweis, Reisepass, F\u00fchrerschein, Krankenkasse,<\/p>\n<p>Sch\u00fcler\/Studentenausweis, Visum<\/p>\n<p>2 verschiedene Aufnahmen inkl. 6 Abz\u00fcge in Passbild-Gr\u00f6\u00dfe und QR Code<\/p>\n<p>15 \u20ac<\/p>\n<p>1 Passbild und QR Code<\/p><p>10 \u20ac<\/p>\t\t\t\t\t\t\t\t<\/div>\n\t\t\t\t<\/div>\n\t\t\t\t\t<\/div>\n\t\t\t\t<\/div>\n\t\t<div class=\"elementor-element elementor-element-a1f8c0d e-flex e-con-boxed e-con e-parent\" data-id=\"a1f8c0d\" data-element_type=\"container\" data-e-type=\"container\">\n\t\t\t\t\t<div class=\"e-con-inner\">\n\t\t\t\t<div class=\"elementor-element elementor-element-22098e4 elementor-widget-divider--view-line elementor-widget elementor-widget-divider\" data-id=\"22098e4\" data-element_type=\"widget\" data-e-type=\"widget\" data-widget_type=\"divider.default\">\n\t\t\t\t<div class=\"elementor-widget-container\">\n\t\t\t\t\t\t\t<div class=\"elementor-divider\">\n\t\t\t<span class=\"elementor-divider-separator\">\n\t\t\t\t\t\t<\/span>\n\t\t<\/div>\n\t\t\t\t\t\t<\/div>\n\t\t\t\t<\/div>\n\t\t\t\t\t<\/div>\n\t\t\t\t<\/div>\n\t\t<div class=\"elementor-element elementor-element-d4a1bf6 e-flex e-con-boxed e-con e-parent\" data-id=\"d4a1bf6\" data-element_type=\"container\" data-e-type=\"container\">\n\t\t\t\t\t<div class=\"e-con-inner\">\n\t\t\t\t<div class=\"elementor-element elementor-element-7411dd1 elementor-widget elementor-widget-heading\" data-id=\"7411dd1\" data-element_type=\"widget\" data-e-type=\"widget\" data-widget_type=\"heading.default\">\n\t\t\t\t<div class=\"elementor-widget-container\">\n\t\t\t\t\t<h2 class=\"elementor-heading-title elementor-size-default\">Bewerbung\/Business<\/h2>\t\t\t\t<\/div>\n\t\t\t\t<\/div>\n\t\t\t\t\t<\/div>\n\t\t\t\t<\/div>\n\t\t<div class=\"elementor-element elementor-element-a70cc04 e-flex e-con-boxed e-con e-parent\" data-id=\"a70cc04\" data-element_type=\"container\" data-e-type=\"container\">\n\t\t\t\t\t<div class=\"e-con-inner\">\n\t\t\t\t<div class=\"elementor-element elementor-element-3385292 elementor-widget elementor-widget-text-editor\" data-id=\"3385292\" data-element_type=\"widget\" data-e-type=\"widget\" data-widget_type=\"text-editor.default\">\n\t\t\t\t<div class=\"elementor-widget-container\">\n\t\t\t\t\t\t\t\t\t<p style=\"font-size: 21px; font-style: normal; font-weight: 400;\"><strong>Basic<\/strong><\/p>\n<p style=\"font-size: 21px; font-style: normal; font-weight: 400;\">1 Standardhintergrund<\/p>\n<p style=\"font-size: 21px; font-style: normal; font-weight: 400;\">inkl. 1 Datei<\/p>\n<p style=\"font-size: 21px; font-style: normal; font-weight: 400;\">19 \u20ac<\/p>\n<p style=\"font-size: 21px; font-style: normal; font-weight: 400;\"><strong>Classic<\/strong><\/p>\n<p style=\"font-size: 21px; font-style: normal; font-weight: 400;\">2-3 verschiedene Hintergr\u00fcnde<\/p>\n<p style=\"font-size: 21px; font-style: normal; font-weight: 400;\">inkl. 1 Datei<\/p>\n<p style=\"font-size: 21px; font-style: normal; font-weight: 400;\">39 \u20ac<\/p>\n<p style=\"font-size: 21px; font-style: normal; font-weight: 400;\">jede weitere Datei<\/p>\n<p style=\"font-size: 21px; font-style: normal; font-weight: 400;\">19 \u20ac<\/p>\n<p style=\"font-size: 21px; font-style: normal; font-weight: 400;\"><strong>Businessaufnahmen<\/strong><\/p>\n<p style=\"font-size: 21px; font-style: normal; font-weight: 400;\">gerne mit Outfitwechsel und 2-3 verschiedenen Hintergr\u00fcnden<\/p>\n<p style=\"font-size: 21px; font-style: normal; font-weight: 400;\">inkl. 4 Dateien<\/p><p style=\"font-size: 21px; font-style: normal; font-weight: 400;\">99 \u20ac<\/p>\t\t\t\t\t\t\t\t<\/div>\n\t\t\t\t<\/div>\n\t\t\t\t\t<\/div>\n\t\t\t\t<\/div>\n\t\t<div class=\"elementor-element elementor-element-f4d4427 e-flex e-con-boxed e-con e-parent\" data-id=\"f4d4427\" data-element_type=\"container\" data-e-type=\"container\">\n\t\t\t\t\t<div class=\"e-con-inner\">\n\t\t\t\t<div class=\"elementor-element elementor-element-6aec07d elementor-widget-divider--view-line elementor-widget elementor-widget-divider\" data-id=\"6aec07d\" data-element_type=\"widget\" data-e-type=\"widget\" data-widget_type=\"divider.default\">\n\t\t\t\t<div class=\"elementor-widget-container\">\n\t\t\t\t\t\t\t<div class=\"elementor-divider\">\n\t\t\t<span class=\"elementor-divider-separator\">\n\t\t\t\t\t\t<\/span>\n\t\t<\/div>\n\t\t\t\t\t\t<\/div>\n\t\t\t\t<\/div>\n\t\t\t\t\t<\/div>\n\t\t\t\t<\/div>\n\t\t<div class=\"elementor-element elementor-element-6695b3c e-flex e-con-boxed e-con e-parent\" data-id=\"6695b3c\" data-element_type=\"container\" data-e-type=\"container\">\n\t\t\t\t\t<div class=\"e-con-inner\">\n\t\t\t\t<div class=\"elementor-element elementor-element-3b4bff0 elementor-widget elementor-widget-heading\" data-id=\"3b4bff0\" data-element_type=\"widget\" data-e-type=\"widget\" data-widget_type=\"heading.default\">\n\t\t\t\t<div class=\"elementor-widget-container\">\n\t\t\t\t\t<h2 class=\"elementor-heading-title elementor-size-default\">Babypass<\/h2>\t\t\t\t<\/div>\n\t\t\t\t<\/div>\n\t\t\t\t\t<\/div>\n\t\t\t\t<\/div>\n\t\t<div class=\"elementor-element elementor-element-c32ff64 e-flex e-con-boxed e-con e-parent\" data-id=\"c32ff64\" data-element_type=\"container\" data-e-type=\"container\">\n\t\t\t\t\t<div class=\"e-con-inner\">\n\t\t\t\t<div class=\"elementor-element elementor-element-d50596b elementor-widget elementor-widget-text-editor\" data-id=\"d50596b\" data-element_type=\"widget\" data-e-type=\"widget\" data-widget_type=\"text-editor.default\">\n\t\t\t\t<div class=\"elementor-widget-container\">\n\t\t\t\t\t\t\t\t\t<p>Zwei Shootings, ein Preis, viele Erinnerungen<\/p><p><strong>1. Termin<\/strong><\/p><p>Babybauchshooting<\/p><p><strong>2. Termin<\/strong><\/p><p>Neugeborenenshooting<\/p><p>\u00a0<\/p><p>f\u00fcr insgesamt nur 90 \u20ac<\/p><p>zzgl. Bild- oder Paketpreise<\/p>\t\t\t\t\t\t\t\t<\/div>\n\t\t\t\t<\/div>\n\t\t\t\t\t<\/div>\n\t\t\t\t<\/div>\n\t\t<div class=\"elementor-element elementor-element-884436e e-flex e-con-boxed e-con e-parent\" data-id=\"884436e\" data-element_type=\"container\" data-e-type=\"container\">\n\t\t\t\t\t<div class=\"e-con-inner\">\n\t\t\t\t<div class=\"elementor-element elementor-element-6c960ac elementor-widget-divider--view-line elementor-widget elementor-widget-divider\" data-id=\"6c960ac\" data-element_type=\"widget\" data-e-type=\"widget\" data-widget_type=\"divider.default\">\n\t\t\t\t<div class=\"elementor-widget-container\">\n\t\t\t\t\t\t\t<div class=\"elementor-divider\">\n\t\t\t<span class=\"elementor-divider-separator\">\n\t\t\t\t\t\t<\/span>\n\t\t<\/div>\n\t\t\t\t\t\t<\/div>\n\t\t\t\t<\/div>\n\t\t\t\t\t<\/div>\n\t\t\t\t<\/div>\n\t\t<div class=\"elementor-element elementor-element-5db5d10 e-flex e-con-boxed e-con e-parent\" data-id=\"5db5d10\" data-element_type=\"container\" data-e-type=\"container\">\n\t\t\t\t\t<div class=\"e-con-inner\">\n\t\t\t\t<div class=\"elementor-element elementor-element-2984555 elementor-widget elementor-widget-heading\" data-id=\"2984555\" data-element_type=\"widget\" data-e-type=\"widget\" data-widget_type=\"heading.default\">\n\t\t\t\t<div class=\"elementor-widget-container\">\n\t\t\t\t\t<h2 class=\"elementor-heading-title elementor-size-default\">Hochzeiten<\/h2>\t\t\t\t<\/div>\n\t\t\t\t<\/div>\n\t\t\t\t\t<\/div>\n\t\t\t\t<\/div>\n\t\t<div class=\"elementor-element elementor-element-1c5529d e-flex e-con-boxed e-con e-parent\" data-id=\"1c5529d\" data-element_type=\"container\" data-e-type=\"container\">\n\t\t\t\t\t<div class=\"e-con-inner\">\n\t\t\t\t<div class=\"elementor-element elementor-element-659149c elementor-widget elementor-widget-text-editor\" data-id=\"659149c\" data-element_type=\"widget\" data-e-type=\"widget\" data-widget_type=\"text-editor.default\">\n\t\t\t\t<div class=\"elementor-widget-container\">\n\t\t\t\t\t\t\t\t\t<p><strong><span style=\"font-style: inherit; background-color: var(--ast-global-color-4); color: var(--ast-global-color-3);\">2 Stunden fotografische Begleitung<\/span><\/strong><\/p><p>Brautpaarshooting und\/oder Reportage<\/p><p>inkl. aller Bilder (aussortiert und nachbearbeitet) in digitaler Form<\/p><p>500 \u20ac<\/p><p><strong>jede weitere Stunde<\/strong><\/p><p>150 \u20ac<\/p>\t\t\t\t\t\t\t\t<\/div>\n\t\t\t\t<\/div>\n\t\t\t\t\t<\/div>\n\t\t\t\t<\/div>\n\t\t<div class=\"elementor-element elementor-element-b0f9bec e-flex e-con-boxed e-con e-parent\" data-id=\"b0f9bec\" data-element_type=\"container\" data-e-type=\"container\">\n\t\t\t\t\t<div class=\"e-con-inner\">\n\t\t\t\t<div class=\"elementor-element elementor-element-163534c elementor-widget-divider--view-line elementor-widget elementor-widget-divider\" data-id=\"163534c\" data-element_type=\"widget\" data-e-type=\"widget\" data-widget_type=\"divider.default\">\n\t\t\t\t<div class=\"elementor-widget-container\">\n\t\t\t\t\t\t\t<div class=\"elementor-divider\">\n\t\t\t<span class=\"elementor-divider-separator\">\n\t\t\t\t\t\t<\/span>\n\t\t<\/div>\n\t\t\t\t\t\t<\/div>\n\t\t\t\t<\/div>\n\t\t\t\t\t<\/div>\n\t\t\t\t<\/div>\n\t\t<div class=\"elementor-element elementor-element-b5c3f2c e-flex e-con-boxed e-con e-parent\" data-id=\"b5c3f2c\" data-element_type=\"container\" data-e-type=\"container\">\n\t\t\t\t\t<div class=\"e-con-inner\">\n\t\t\t\t<div class=\"elementor-element elementor-element-472401c elementor-widget elementor-widget-heading\" data-id=\"472401c\" data-element_type=\"widget\" data-e-type=\"widget\" data-widget_type=\"heading.default\">\n\t\t\t\t<div class=\"elementor-widget-container\">\n\t\t\t\t\t<h2 class=\"elementor-heading-title elementor-size-default\">Firmen- &amp; Eventfotografie<\/h2>\t\t\t\t<\/div>\n\t\t\t\t<\/div>\n\t\t\t\t\t<\/div>\n\t\t\t\t<\/div>\n\t\t<div class=\"elementor-element elementor-element-74461f0 e-flex e-con-boxed e-con e-parent\" data-id=\"74461f0\" data-element_type=\"container\" data-e-type=\"container\">\n\t\t\t\t\t<div class=\"e-con-inner\">\n\t\t\t\t<div class=\"elementor-element elementor-element-96d91c6 elementor-widget elementor-widget-text-editor\" data-id=\"96d91c6\" data-element_type=\"widget\" data-e-type=\"widget\" data-widget_type=\"text-editor.default\">\n\t\t\t\t<div class=\"elementor-widget-container\">\n\t\t\t\t\t\t\t\t\t<p><strong>Reportage<\/strong><\/p><p>erste Stunde\u00a0 \u00a0 \u00a0 \u00a0 \u00a0 \u00a0 \u00a0 \u00a0 \u00a0200 \u20ac<\/p><p>jede weitere Stunde\u00a0 \u00a0 \u00a0 150 \u20ac\u00a0<\/p><p><strong>\u00a0<\/strong><\/p>\t\t\t\t\t\t\t\t<\/div>\n\t\t\t\t<\/div>\n\t\t\t\t\t<\/div>\n\t\t\t\t<\/div>\n\t\t\t\t<\/div>\n\t\t","protected":false},"excerpt":{"rendered":"<p>Preise Portrait Grundgeb\u00fchr\u00a0 Shooting von ca. 45-60 Minuten verschiedene Motive 60 \u20ac zzgl. Bild- oder Paketpreise Schnellportrait eine Standardaufnahme 30 \u20ac zzgl. Bild- oder Paketpreise Bildpreise 1 Datei\u00a0 \u00a0 \u00a0 \u00a0 \u00a0 \u00a0 \u00a0 \u00a0 \u00a0 \u00a0 \u00a0 \u00a0 \u00a0 \u00a0 19 \u20ac Abzug 13x18cm\u00a0 \u00a0 \u00a0 \u00a0 \u00a0 \u00a0 \u00a010 \u20ac Abzug 15x20cm\u00a0 \u00a0 [&hellip;]<\/p>\n","protected":false},"author":5,"featured_media":0,"parent":0,"menu_order":0,"comment_status":"closed","ping_status":"closed","template":"","meta":{"_uag_custom_page_level_css":"","site-sidebar-layout":"no-sidebar","site-content-layout":"page-builder","ast-site-content-layout":"full-width-container","site-content-style":"default","site-sidebar-style":"default","ast-global-header-display":"","ast-banner-title-visibility":"","ast-main-header-display":"","ast-hfb-above-header-display":"","ast-hfb-below-header-display":"","ast-hfb-mobile-header-display":"","site-post-title":"disabled","ast-breadcrumbs-content":"","ast-featured-img":"disabled","footer-sml-layout":"","theme-transparent-header-meta":"","adv-header-id-meta":"","stick-header-meta":"","header-above-stick-meta":"","header-main-stick-meta":"","header-below-stick-meta":"","astra-migrate-meta-layouts":"default","ast-page-background-enabled":"default","ast-page-background-meta":{"desktop":{"background-color":"var(--ast-global-color-4)","background-image":"","background-repeat":"repeat","background-position":"center center","background-size":"auto","background-attachment":"scroll","background-type":"","background-media":"","overlay-type":"","overlay-color":"","overlay-opacity":"","overlay-gradient":""},"tablet":{"background-color":"","background-image":"","background-repeat":"repeat","background-position":"center center","background-size":"auto","background-attachment":"scroll","background-type":"","background-media":"","overlay-type":"","overlay-color":"","overlay-opacity":"","overlay-gradient":""},"mobile":{"background-color":"","background-image":"","background-repeat":"repeat","background-position":"center center","background-size":"auto","background-attachment":"scroll","background-type":"","background-media":"","overlay-type":"","overlay-color":"","overlay-opacity":"","overlay-gradient":""}},"ast-content-background-meta":{"desktop":{"background-color":"var(--ast-global-color-5)","background-image":"","background-repeat":"repeat","background-position":"center center","background-size":"auto","background-attachment":"scroll","background-type":"","background-media":"","overlay-type":"","overlay-color":"","overlay-opacity":"","overlay-gradient":""},"tablet":{"background-color":"var(--ast-global-color-5)","background-image":"","background-repeat":"repeat","background-position":"center center","background-size":"auto","background-attachment":"scroll","background-type":"","background-media":"","overlay-type":"","overlay-color":"","overlay-opacity":"","overlay-gradient":""},"mobile":{"background-color":"var(--ast-global-color-5)","background-image":"","background-repeat":"repeat","background-position":"center center","background-size":"auto","background-attachment":"scroll","background-type":"","background-media":"","overlay-type":"","overlay-color":"","overlay-opacity":"","overlay-gradient":""}},"ngg_post_thumbnail":0,"footnotes":""},"class_list":["post-2370","page","type-page","status-publish","hentry"],"uagb_featured_image_src":{"full":false,"thumbnail":false,"medium":false,"medium_large":false,"large":false,"1536x1536":false,"2048x2048":false},"uagb_author_info":{"display_name":"vanessa","author_link":"https:\/\/www.foto-christiane.de\/cms\/author\/vanessa\/"},"uagb_comment_info":0,"uagb_excerpt":"Preise Portrait Grundgeb\u00fchr\u00a0 Shooting von ca. 45-60 Minuten verschiedene Motive 60 \u20ac zzgl. Bild- oder Paketpreise Schnellportrait eine Standardaufnahme 30 \u20ac zzgl. Bild- oder Paketpreise Bildpreise 1 Datei\u00a0 \u00a0 \u00a0 \u00a0 \u00a0 \u00a0 \u00a0 \u00a0 \u00a0 \u00a0 \u00a0 \u00a0 \u00a0 \u00a0 19 \u20ac Abzug 13x18cm\u00a0 \u00a0 \u00a0 \u00a0 \u00a0 \u00a0 \u00a010 \u20ac Abzug 15x20cm\u00a0 \u00a0&hellip;","_links":{"self":[{"href":"https:\/\/www.foto-christiane.de\/cms\/wp-json\/wp\/v2\/pages\/2370","targetHints":{"allow":["GET"]}}],"collection":[{"href":"https:\/\/www.foto-christiane.de\/cms\/wp-json\/wp\/v2\/pages"}],"about":[{"href":"https:\/\/www.foto-christiane.de\/cms\/wp-json\/wp\/v2\/types\/page"}],"author":[{"embeddable":true,"href":"https:\/\/www.foto-christiane.de\/cms\/wp-json\/wp\/v2\/users\/5"}],"replies":[{"embeddable":true,"href":"https:\/\/www.foto-christiane.de\/cms\/wp-json\/wp\/v2\/comments?post=2370"}],"version-history":[{"count":58,"href":"https:\/\/www.foto-christiane.de\/cms\/wp-json\/wp\/v2\/pages\/2370\/revisions"}],"predecessor-version":[{"id":5257,"href":"https:\/\/www.foto-christiane.de\/cms\/wp-json\/wp\/v2\/pages\/2370\/revisions\/5257"}],"wp:attachment":[{"href":"https:\/\/www.foto-christiane.de\/cms\/wp-json\/wp\/v2\/media?parent=2370"}],"curies":[{"name":"wp","href":"https:\/\/api.w.org\/{rel}","templated":true}]}}