{"id":51,"date":"2013-02-16T13:52:15","date_gmt":"2013-02-16T11:52:15","guid":{"rendered":"http:\/\/www.foto-christiane.de\/cms\/?page_id=51"},"modified":"2015-12-18T15:57:02","modified_gmt":"2015-12-18T13:57:02","slug":"impressum","status":"publish","type":"page","link":"https:\/\/www.foto-christiane.de\/cms\/impressum\/","title":{"rendered":"Impressum"},"content":{"rendered":"<p>Fotoatelier Christiane<\/p>\n<p>Christiane Haumann-Frietsch<br \/>\n<em>Fotografenmeisterin<\/em><br \/>\nBahnhofstr. 48<br \/>\n76532 Baden-Baden (Haueneberstein)<\/p>\n<p>Telefon: +49 7221 51227<\/p>\n<p>Mobil: +49 1711 990 855<\/p>\n<p>E-mail: info@foto-christiane.de<\/p>\n<p><em id=\"__mceDel\"> Internet: <a title=\"www.foto-christiane.de\" href=\"http:\/\/www.foto-christiane.de\">www.foto-christiane.de<\/a><\/em><\/p>\n<p>Haftungshinweis: Trotz sorgf\u00e4ltiger inhaltlicher Kontrolle \u00fcbernehmen wir keine Haftung f\u00fcr die Inhalte externer Links. F\u00fcr den Inhalt der verlinkten Seiten sind ausschlie\u00dflich deren Betreiber verantwortlich.<\/p>\n","protected":false},"excerpt":{"rendered":"<p>Fotoatelier Christiane Christiane Haumann-Frietsch Fotografenmeisterin Bahnhofstr. 48 76532 Baden-Baden (Haueneberstein) Telefon: +49 7221 51227 Mobil: +49 1711 990 855 E-mail: info@foto-christiane.de Internet: www.foto-christiane.de Haftungshinweis: Trotz sorgf\u00e4ltiger inhaltlicher Kontrolle \u00fcbernehmen wir keine Haftung f\u00fcr die Inhalte externer Links. F\u00fcr den Inhalt der verlinkten Seiten sind ausschlie\u00dflich deren Betreiber verantwortlich.<\/p>\n","protected":false},"author":1,"featured_media":0,"parent":0,"menu_order":3,"comment_status":"open","ping_status":"open","template":"","meta":{"_uag_custom_page_level_css":"","site-sidebar-layout":"default","site-content-layout":"","ast-site-content-layout":"","site-content-style":"default","site-sidebar-style":"default","ast-global-header-display":"","ast-banner-title-visibility":"","ast-main-header-display":"","ast-hfb-above-header-display":"","ast-hfb-below-header-display":"","ast-hfb-mobile-header-display":"","site-post-title":"","ast-breadcrumbs-content":"","ast-featured-img":"","footer-sml-layout":"","theme-transparent-header-meta":"","adv-header-id-meta":"","stick-header-meta":"","header-above-stick-meta":"","header-main-stick-meta":"","header-below-stick-meta":"","astra-migrate-meta-layouts":"default","ast-page-background-enabled":"default","ast-page-background-meta":{"desktop":{"background-color":"var(--ast-global-color-4)","background-image":"","background-repeat":"repeat","background-position":"center center","background-size":"auto","background-attachment":"scroll","background-type":"","background-media":"","overlay-type":"","overlay-color":"","overlay-opacity":"","overlay-gradient":""},"tablet":{"background-color":"","background-image":"","background-repeat":"repeat","background-position":"center center","background-size":"auto","background-attachment":"scroll","background-type":"","background-media":"","overlay-type":"","overlay-color":"","overlay-opacity":"","overlay-gradient":""},"mobile":{"background-color":"","background-image":"","background-repeat":"repeat","background-position":"center center","background-size":"auto","background-attachment":"scroll","background-type":"","background-media":"","overlay-type":"","overlay-color":"","overlay-opacity":"","overlay-gradient":""}},"ast-content-background-meta":{"desktop":{"background-color":"var(--ast-global-color-5)","background-image":"","background-repeat":"repeat","background-position":"center center","background-size":"auto","background-attachment":"scroll","background-type":"","background-media":"","overlay-type":"","overlay-color":"","overlay-opacity":"","overlay-gradient":""},"tablet":{"background-color":"var(--ast-global-color-5)","background-image":"","background-repeat":"repeat","background-position":"center center","background-size":"auto","background-attachment":"scroll","background-type":"","background-media":"","overlay-type":"","overlay-color":"","overlay-opacity":"","overlay-gradient":""},"mobile":{"background-color":"var(--ast-global-color-5)","background-image":"","background-repeat":"repeat","background-position":"center center","background-size":"auto","background-attachment":"scroll","background-type":"","background-media":"","overlay-type":"","overlay-color":"","overlay-opacity":"","overlay-gradient":""}},"ngg_post_thumbnail":0,"footnotes":""},"class_list":["post-51","page","type-page","status-publish","hentry"],"uagb_featured_image_src":{"full":false,"thumbnail":false,"medium":false,"medium_large":false,"large":false,"1536x1536":false,"2048x2048":false},"uagb_author_info":{"display_name":"admin","author_link":"https:\/\/www.foto-christiane.de\/cms\/author\/admin\/"},"uagb_comment_info":0,"uagb_excerpt":"Fotoatelier Christiane Christiane Haumann-Frietsch Fotografenmeisterin Bahnhofstr. 48 76532 Baden-Baden (Haueneberstein) Telefon: +49 7221 51227 Mobil: +49 1711 990 855 E-mail: info@foto-christiane.de Internet: www.foto-christiane.de Haftungshinweis: Trotz sorgf\u00e4ltiger inhaltlicher Kontrolle \u00fcbernehmen wir keine Haftung f\u00fcr die Inhalte externer Links. F\u00fcr den Inhalt der verlinkten Seiten sind ausschlie\u00dflich deren Betreiber verantwortlich.","_links":{"self":[{"href":"https:\/\/www.foto-christiane.de\/cms\/wp-json\/wp\/v2\/pages\/51","targetHints":{"allow":["GET"]}}],"collection":[{"href":"https:\/\/www.foto-christiane.de\/cms\/wp-json\/wp\/v2\/pages"}],"about":[{"href":"https:\/\/www.foto-christiane.de\/cms\/wp-json\/wp\/v2\/types\/page"}],"author":[{"embeddable":true,"href":"https:\/\/www.foto-christiane.de\/cms\/wp-json\/wp\/v2\/users\/1"}],"replies":[{"embeddable":true,"href":"https:\/\/www.foto-christiane.de\/cms\/wp-json\/wp\/v2\/comments?post=51"}],"version-history":[{"count":11,"href":"https:\/\/www.foto-christiane.de\/cms\/wp-json\/wp\/v2\/pages\/51\/revisions"}],"predecessor-version":[{"id":5135,"href":"https:\/\/www.foto-christiane.de\/cms\/wp-json\/wp\/v2\/pages\/51\/revisions\/5135"}],"wp:attachment":[{"href":"https:\/\/www.foto-christiane.de\/cms\/wp-json\/wp\/v2\/media?parent=51"}],"curies":[{"name":"wp","href":"https:\/\/api.w.org\/{rel}","templated":true}]}}