{"id":5136,"date":"2025-02-21T17:06:37","date_gmt":"2025-02-21T15:06:37","guid":{"rendered":"https:\/\/www.foto-christiane.de\/cms\/?page_id=5136"},"modified":"2025-02-21T17:07:19","modified_gmt":"2025-02-21T15:07:19","slug":"impressum-3","status":"publish","type":"page","link":"https:\/\/www.foto-christiane.de\/cms\/impressum-3\/","title":{"rendered":"Impressum"},"content":{"rendered":"\t\t<div data-elementor-type=\"wp-page\" data-elementor-id=\"5136\" class=\"elementor elementor-5136\">\n\t\t\t\t<div class=\"elementor-element elementor-element-552f499e e-flex e-con-boxed e-con e-parent\" data-id=\"552f499e\" data-element_type=\"container\" data-e-type=\"container\" data-settings=\"{&quot;background_background&quot;:&quot;classic&quot;}\">\n\t\t\t\t\t<div class=\"e-con-inner\">\n\t\t\t\t<div class=\"elementor-element elementor-element-65fad38c elementor-widget elementor-widget-heading\" data-id=\"65fad38c\" data-element_type=\"widget\" data-e-type=\"widget\" data-widget_type=\"heading.default\">\n\t\t\t\t<div class=\"elementor-widget-container\">\n\t\t\t\t\t<h1 class=\"elementor-heading-title elementor-size-default\">Impressum<\/h1>\t\t\t\t<\/div>\n\t\t\t\t<\/div>\n\t\t\t\t\t<\/div>\n\t\t\t\t<\/div>\n\t\t<div class=\"elementor-element elementor-element-2e1472d7 e-flex e-con-boxed e-con e-parent\" data-id=\"2e1472d7\" data-element_type=\"container\" data-e-type=\"container\">\n\t\t\t\t\t<div class=\"e-con-inner\">\n\t\t\t\t<div class=\"elementor-element elementor-element-163b19d6 elementor-widget elementor-widget-text-editor\" data-id=\"163b19d6\" data-element_type=\"widget\" data-e-type=\"widget\" data-widget_type=\"text-editor.default\">\n\t\t\t\t<div class=\"elementor-widget-container\">\n\t\t\t\t\t\t\t\t\t<p><\/p>\n<header class=\"entry-header \" style=\"box-sizing: inherit;\"><h1 class=\"entry-title\" itemprop=\"headline\" style=\"box-sizing: inherit; font-size: 1.42857rem; font-weight: var(--ast-blog-title-font-weight,normal); margin-bottom: 0.2em;\">Impressum<\/h1><\/header><div class=\"entry-content clear\" itemprop=\"text\" style=\"box-sizing: inherit; counter-reset: footnotes 0;\"><p style=\"box-sizing: inherit; font-size: 21px;\">Fotoatelier Christiane<\/p><p style=\"box-sizing: inherit; font-size: 21px;\">Christiane Haumann-Frietsch<br style=\"box-sizing: inherit;\"><em style=\"box-sizing: inherit;\">Fotografenmeisterin<\/em><br style=\"box-sizing: inherit;\">Bahnhofstr. 48<br style=\"box-sizing: inherit;\">76532 Baden-Baden (Haueneberstein)<\/p><p style=\"box-sizing: inherit; font-size: 21px;\">Telefon: +49 7221 51227<\/p><p style=\"box-sizing: inherit; font-size: 21px;\">Mobil: +49 1711 990 855<\/p><p style=\"box-sizing: inherit; font-size: 21px;\">E-mail: info@foto-christiane.de<\/p><p style=\"box-sizing: inherit; font-size: 21px;\"><em id=\"__mceDel\" style=\"box-sizing: inherit;\">Internet:&nbsp;<a title=\"www.foto-christiane.de\" href=\"http:\/\/www.foto-christiane.de\/\" style=\"box-sizing: inherit; transition-property: all;\">www.foto-christiane.de<\/a><\/em><\/p><p style=\"box-sizing: inherit; font-size: 21px;\">Haftungshinweis: Trotz sorgf\u00e4ltiger inhaltlicher Kontrolle \u00fcbernehmen wir keine Haftung f\u00fcr die Inhalte externer Links. F\u00fcr den Inhalt der verlinkten Seiten sind ausschlie\u00dflich deren Betreiber verantwortlich.<\/p><\/div>\t\t\t\t\t\t\t\t<\/div>\n\t\t\t\t<\/div>\n\t\t\t\t\t<\/div>\n\t\t\t\t<\/div>\n\t\t\t\t<\/div>\n\t\t","protected":false},"excerpt":{"rendered":"<p>Impressum Impressum Fotoatelier Christiane Christiane Haumann-FrietschFotografenmeisterinBahnhofstr. 4876532 Baden-Baden (Haueneberstein) Telefon: +49 7221 51227 Mobil: +49 1711 990 855 E-mail: info@foto-christiane.de Internet:&nbsp;www.foto-christiane.de Haftungshinweis: Trotz sorgf\u00e4ltiger inhaltlicher Kontrolle \u00fcbernehmen wir keine Haftung f\u00fcr die Inhalte externer Links. F\u00fcr den Inhalt der verlinkten Seiten sind ausschlie\u00dflich deren Betreiber verantwortlich.<\/p>\n","protected":false},"author":5,"featured_media":0,"parent":0,"menu_order":0,"comment_status":"closed","ping_status":"closed","template":"","meta":{"_uag_custom_page_level_css":"","site-sidebar-layout":"no-sidebar","site-content-layout":"page-builder","ast-site-content-layout":"full-width-container","site-content-style":"default","site-sidebar-style":"default","ast-global-header-display":"","ast-banner-title-visibility":"","ast-main-header-display":"","ast-hfb-above-header-display":"","ast-hfb-below-header-display":"","ast-hfb-mobile-header-display":"","site-post-title":"disabled","ast-breadcrumbs-content":"","ast-featured-img":"disabled","footer-sml-layout":"","theme-transparent-header-meta":"","adv-header-id-meta":"","stick-header-meta":"","header-above-stick-meta":"","header-main-stick-meta":"","header-below-stick-meta":"","astra-migrate-meta-layouts":"default","ast-page-background-enabled":"default","ast-page-background-meta":{"desktop":{"background-color":"var(--ast-global-color-4)","background-image":"","background-repeat":"repeat","background-position":"center center","background-size":"auto","background-attachment":"scroll","background-type":"","background-media":"","overlay-type":"","overlay-color":"","overlay-opacity":"","overlay-gradient":""},"tablet":{"background-color":"","background-image":"","background-repeat":"repeat","background-position":"center center","background-size":"auto","background-attachment":"scroll","background-type":"","background-media":"","overlay-type":"","overlay-color":"","overlay-opacity":"","overlay-gradient":""},"mobile":{"background-color":"","background-image":"","background-repeat":"repeat","background-position":"center center","background-size":"auto","background-attachment":"scroll","background-type":"","background-media":"","overlay-type":"","overlay-color":"","overlay-opacity":"","overlay-gradient":""}},"ast-content-background-meta":{"desktop":{"background-color":"var(--ast-global-color-5)","background-image":"","background-repeat":"repeat","background-position":"center center","background-size":"auto","background-attachment":"scroll","background-type":"","background-media":"","overlay-type":"","overlay-color":"","overlay-opacity":"","overlay-gradient":""},"tablet":{"background-color":"var(--ast-global-color-5)","background-image":"","background-repeat":"repeat","background-position":"center center","background-size":"auto","background-attachment":"scroll","background-type":"","background-media":"","overlay-type":"","overlay-color":"","overlay-opacity":"","overlay-gradient":""},"mobile":{"background-color":"var(--ast-global-color-5)","background-image":"","background-repeat":"repeat","background-position":"center center","background-size":"auto","background-attachment":"scroll","background-type":"","background-media":"","overlay-type":"","overlay-color":"","overlay-opacity":"","overlay-gradient":""}},"ngg_post_thumbnail":0,"footnotes":""},"class_list":["post-5136","page","type-page","status-publish","hentry"],"uagb_featured_image_src":{"full":false,"thumbnail":false,"medium":false,"medium_large":false,"large":false,"1536x1536":false,"2048x2048":false},"uagb_author_info":{"display_name":"vanessa","author_link":"https:\/\/www.foto-christiane.de\/cms\/author\/vanessa\/"},"uagb_comment_info":0,"uagb_excerpt":"Impressum Impressum Fotoatelier Christiane Christiane Haumann-FrietschFotografenmeisterinBahnhofstr. 4876532 Baden-Baden (Haueneberstein) Telefon: +49 7221 51227 Mobil: +49 1711 990 855 E-mail: info@foto-christiane.de Internet:&nbsp;www.foto-christiane.de Haftungshinweis: Trotz sorgf\u00e4ltiger inhaltlicher Kontrolle \u00fcbernehmen wir keine Haftung f\u00fcr die Inhalte externer Links. F\u00fcr den Inhalt der verlinkten Seiten sind ausschlie\u00dflich deren Betreiber verantwortlich.","_links":{"self":[{"href":"https:\/\/www.foto-christiane.de\/cms\/wp-json\/wp\/v2\/pages\/5136","targetHints":{"allow":["GET"]}}],"collection":[{"href":"https:\/\/www.foto-christiane.de\/cms\/wp-json\/wp\/v2\/pages"}],"about":[{"href":"https:\/\/www.foto-christiane.de\/cms\/wp-json\/wp\/v2\/types\/page"}],"author":[{"embeddable":true,"href":"https:\/\/www.foto-christiane.de\/cms\/wp-json\/wp\/v2\/users\/5"}],"replies":[{"embeddable":true,"href":"https:\/\/www.foto-christiane.de\/cms\/wp-json\/wp\/v2\/comments?post=5136"}],"version-history":[{"count":4,"href":"https:\/\/www.foto-christiane.de\/cms\/wp-json\/wp\/v2\/pages\/5136\/revisions"}],"predecessor-version":[{"id":5143,"href":"https:\/\/www.foto-christiane.de\/cms\/wp-json\/wp\/v2\/pages\/5136\/revisions\/5143"}],"wp:attachment":[{"href":"https:\/\/www.foto-christiane.de\/cms\/wp-json\/wp\/v2\/media?parent=5136"}],"curies":[{"name":"wp","href":"https:\/\/api.w.org\/{rel}","templated":true}]}}